{"id":37,"date":"2016-03-13T11:34:03","date_gmt":"2016-03-13T11:34:03","guid":{"rendered":"http:\/\/kmib.online\/?page_id=37"},"modified":"2023-10-31T13:18:27","modified_gmt":"2023-10-31T11:18:27","slug":"tentang-kami","status":"publish","type":"page","link":"https:\/\/kmibremen.de\/de\/tentang-kami","title":{"rendered":"\u00dcber uns"},"content":{"rendered":"<p>Wir sind Keluarga Muslim Indonesia Bremen, \u00fcbersetzt hei\u00dft das muslimische indonesische Familie in Bremen. Eine Gemeinde bestehend aus Muslimen die in Bremen und umzu wohnen. Viele von uns kommen urspr\u00fcnglich aus Indonesien, aber einige von uns kommen auch aus anderen L\u00e4ndern.<\/p>\n<p>Wir kommen zusammen, um uns gegenseitig zu helfen, den freundlichen und offenen Islam zu praktizieren. <a href=\"https:\/\/kmibremen.de\/de\/archive\/17\" target=\"_blank\" rel=\"noopener noreferrer\">Aber wir versuchen dabei noch den indonesischen traditionellen Islam von Ahlussunnah wal Dschama'ah aufleben zu lassen,<\/a> Wir hei\u00dfen alle Herzlich willkommen!<\/p>\n<p>Die Grundlage von Ahlussunnah wal Jamaah sind:<\/p>\n<ol>\n<li>Iman (Glaube). Die Wissenschaft von Glaube ist Glaubenslehre. Wir folgen Imam Abul Hasan Al Asy\u2019ari und Imam Abu Mansur Al Maturidi<\/li>\n<li>Islam. Die Wissenschaft hei\u00dft Rechtschule. Wir befolgen eine Rechtschule von vier bekannten Rechtschulen, n\u00e4mlich die von Imam Abu Hanifah, Imam Malik bin Anas, Imam Muhammad bin Idris Asch-Schafei und Imam Ahmad bin Hanbal.<\/li>\n<li>Ihsan. Die Wissenschaft hei\u00dft Sufismus. Wir folgen der Gelehrten von Sufismus, unter anderem sind Imam Junaid Al Baghdadi und Imam Abu Hamid Al Ghazali.<\/li>\n<\/ol>\n<h3><strong>Grundlage der Ahlussunnah wal Jamaah in der Vereinssatzung.<\/strong><\/h3>\n<p>Die Grundlage der Ahlussunnah wal Dschama'ah, die in der Satzung <a href=\"https:\/\/drive.google.com\/file\/d\/1D_uZlgdyByydcUGIECK_dEaf1l9uYrut\/view?usp=drive_link\" target=\"_blank\" rel=\"noopener\">Anggaran Dasar<\/a> oder <a href=\"https:\/\/drive.google.com\/file\/d\/1ADIuzQ6v6d_uotZI7BLf9jPpD0YWavdY\/view?usp=sharing\" target=\"_blank\" rel=\"noopener\">Vereinsatzung KMIB e.V.<\/a>\u00a0 steht, angepasst mit <em><a href=\"https:\/\/drive.google.com\/file\/d\/10NROrvuwzwG8ohdlO1A_ZHaRSfh3p-rc\/view?usp=sharing\" target=\"_blank\" rel=\"noopener\">Heft vom Project Al Etidal<\/a>, (<a href=\"https:\/\/kmibremen.de\/de\/archive\/4288\" target=\"_blank\" rel=\"noopener\">lihat penjelasan ringkas tentang Projekt Al Etidal<\/a>) n\u00e4mlich <\/em>einem Project von <em><a href=\"http:\/\/www.schurabremen.de\/\">Schura Bremen<\/a><\/em> , die von Bundesregierung und Landesregierung Bremen finanziert worden ist. Sie sind n\u00e4mlich:<\/p>\n<p><span style=\"font-size: large\"><i><b>\u00a7 2 Grundlage der islamischen Auffassung des Vereins<\/b><\/i><\/span><\/p>\n<p><span style=\"font-size: medium\">Der Verein folgt die islamische Auffasung von Ahl al-Sunna wa al-Dschama\u02bfa, n\u00e4mlich denjenigen<\/span><\/p>\n<ol>\n<li><span style=\"font-size: medium\">die in der Glaubenslehre (\u02bfAq\u012bda) der a\u0161ch&#8217;ar\u012btischen und der matur\u012bdischen Schule folgen, <\/span><\/li>\n<li><span style=\"font-size: medium\">die in der Rechschulen der vier anerkannten sunnitischen Rechtsschulen der Im\u0101me Ab\u016b \u1e24an\u012bfa, M\u0101lik, al-Sch\u0101fi\u02bf\u012b und A\u1e25mad b. \u1e24anbal folgen,<\/span><\/li>\n<li><span style=\"font-size: medium\">die dem reinen Ta\u1e63awwuf, dem Weg der Spiritualit\u00e4t, im Wissen, Charakter und in L\u00e4uterung des Inneren folgen<\/span><\/li>\n<\/ol>\n<p><span style=\"font-size: large\"><i><b>\u00a7 2 Asas Pemahaman Islam dari Asosiasi<\/b><\/i><\/span><\/p>\n<p>Asosiasi ini mengikuti pemahaman Islam Ahlussunnah wal Jamaah yaitu<\/p>\n<ol>\n<li>\n<p><span style=\"font-size: medium\">Dalam Aqidah mengikuti ajaran Ahlussunnah wal Jamaah Asy&#8217;ariyah (Imam Abul Hasan Al Asy&#8217;ari) dan\u00a0 Maturidiyah (Imam Abu Mansur Al Maturidi),<\/span><\/p>\n<\/li>\n<li>\n<p><span style=\"font-size: medium\">Dalam Fikih mengikuti empat Mazhab yang diakui Sunni (Ahlussunnah wal Jamaah) yaitu Imam Ab\u016b \u1e24anifah, Imam M\u0101lik, Imam Asy-Syafei dan Imam A\u1e25mad bin \u1e24anbal,<\/span><\/p>\n<\/li>\n<li>\n<p><span class=\"Y2IQFc\" lang=\"id\">Mengikuti Ta\u1e63awwuf murni, yaitu jalan spiritualitas, yang sesuai dengan ilmu (Aqidah dan Fiqih), akhlak\/adab dan pensucian batin.<\/span><\/p>\n<\/li>\n<\/ol>\n\n\n<p>Weitere Erkl\u00e4rung kann man in folgende Seite lesen (leider nur auf Indonesisch) <em><a rel=\"noreferrer noopener\" href=\"http:\/\/kmibremen.de\/de\/archive\/category\/mengenal-kmib-e-v\/\" target=\"_blank\">Warum soll die Grundlage der islamischen Auffassung von KMIB e.V. im Vereinsatzung stehen?<\/a>?<\/em><\/p>\n\n\n\n<p>Wer Mitglied werden m\u00f6chte, ist das Formular hier zu finden ( <a rel=\"noreferrer noopener\" href=\"https:\/\/drive.google.com\/file\/d\/1jGvqZtfZpVr5cxgSMeBEm-PfB2IgDOI7\/view?usp=sharing\" target=\"_blank\">formulir pendaftaran anggota<\/a> (<a rel=\"noreferrer noopener\" href=\"https:\/\/drive.google.com\/file\/d\/1jGvqZtfZpVr5cxgSMeBEm-PfB2IgDOI7\/view?usp=sharing\" target=\"_blank\">Mitgliedschaftantrag<\/a>). <\/p>","protected":false},"excerpt":{"rendered":"<p>Keluarga Muslim Indonesia Bremen e.V. (KMIB) adalah satu keluarga besar yang terdiri dari muslimin dan muslimat yang tinggal di Bremen dan sekitarnya. Sebagian besar kami berasal dari Indonesia, tetapi tidak sedikit yang berasal dari negara lain ataupun yang lahir di luar Indonesia. Kami berkumpul untuk sama-sama saling membantu dalam berusaha [&hellip;]<\/p>","protected":false},"author":1,"featured_media":0,"parent":0,"menu_order":0,"comment_status":"closed","ping_status":"closed","template":"page-templates\/template-fullwidth.php","meta":[],"_links":{"self":[{"href":"https:\/\/kmibremen.de\/de\/wp-json\/wp\/v2\/pages\/37"}],"collection":[{"href":"https:\/\/kmibremen.de\/de\/wp-json\/wp\/v2\/pages"}],"about":[{"href":"https:\/\/kmibremen.de\/de\/wp-json\/wp\/v2\/types\/page"}],"author":[{"embeddable":true,"href":"https:\/\/kmibremen.de\/de\/wp-json\/wp\/v2\/users\/1"}],"replies":[{"embeddable":true,"href":"https:\/\/kmibremen.de\/de\/wp-json\/wp\/v2\/comments?post=37"}],"version-history":[{"count":40,"href":"https:\/\/kmibremen.de\/de\/wp-json\/wp\/v2\/pages\/37\/revisions"}],"predecessor-version":[{"id":8275,"href":"https:\/\/kmibremen.de\/de\/wp-json\/wp\/v2\/pages\/37\/revisions\/8275"}],"wp:attachment":[{"href":"https:\/\/kmibremen.de\/de\/wp-json\/wp\/v2\/media?parent=37"}],"curies":[{"name":"wp","href":"https:\/\/api.w.org\/{rel}","templated":true}]}}